{"id":19,"date":"2021-05-18T09:45:06","date_gmt":"2021-05-18T09:45:06","guid":{"rendered":"http:\/\/dev.ai-tv.eu\/?page_id=19"},"modified":"2025-11-25T14:21:51","modified_gmt":"2025-11-25T13:21:51","slug":"impressum","status":"publish","type":"page","link":"https:\/\/ai-tv.eu\/en\/impressum\/","title":{"rendered":"IMPRINT"},"content":{"rendered":"<div data-elementor-type=\"wp-page\" data-elementor-id=\"19\" class=\"elementor elementor-19\" data-elementor-post-type=\"page\">\n\t\t\t\t\t\t<section class=\"elementor-section elementor-top-section elementor-element elementor-element-184ed0f elementor-section-content-middle envato-kit-141-top-0 elementor-section-height-min-height elementor-section-items-top elementor-section-boxed elementor-section-height-default\" data-id=\"184ed0f\" data-element_type=\"section\" data-settings=\"{&quot;background_background&quot;:&quot;classic&quot;}\">\n\t\t\t\t\t\t<div class=\"elementor-container elementor-column-gap-default\">\n\t\t\t\t\t<div class=\"elementor-column elementor-col-50 elementor-top-column elementor-element elementor-element-3febbd7\" data-id=\"3febbd7\" data-element_type=\"column\">\n\t\t\t<div class=\"elementor-widget-wrap elementor-element-populated\">\n\t\t\t\t\t\t<div class=\"elementor-element elementor-element-73bf12a elementor-widget elementor-widget-image\" data-id=\"73bf12a\" data-element_type=\"widget\" data-widget_type=\"image.default\">\n\t\t\t\t<div class=\"elementor-widget-container\">\n\t\t\t\t\t\t\t\t\t\t\t\t\t\t\t<img decoding=\"async\" width=\"100\" height=\"25\" src=\"https:\/\/ai-tv.eu\/wp-content\/uploads\/2021\/05\/landing_logo-Kopie.png\" class=\"attachment-full size-full wp-image-53\" alt=\"\" \/>\t\t\t\t\t\t\t\t\t\t\t\t\t\t\t<\/div>\n\t\t\t\t<\/div>\n\t\t\t\t<div class=\"elementor-element elementor-element-79a6606 elementor-widget elementor-widget-shortcode\" data-id=\"79a6606\" data-element_type=\"widget\" data-widget_type=\"shortcode.default\">\n\t\t\t\t<div class=\"elementor-widget-container\">\n\t\t\t\t\t\t\t<div class=\"elementor-shortcode\">\t\t<div data-elementor-type=\"section\" data-elementor-id=\"146\" class=\"elementor elementor-146\" data-elementor-post-type=\"elementor_library\">\n\t\t\t\t\t<section class=\"elementor-section elementor-top-section elementor-element elementor-element-25ad01ad elementor-section-boxed elementor-section-height-default elementor-section-height-default\" data-id=\"25ad01ad\" data-element_type=\"section\">\n\t\t\t\t\t\t<div class=\"elementor-container elementor-column-gap-default\">\n\t\t\t\t\t<div class=\"elementor-column elementor-col-100 elementor-top-column elementor-element elementor-element-1a404ec3\" data-id=\"1a404ec3\" data-element_type=\"column\">\n\t\t\t<div class=\"elementor-widget-wrap elementor-element-populated\">\n\t\t\t\t\t\t<div class=\"elementor-element elementor-element-1f1550f1 elementor-shape-circle elementor-grid-1 elementor-widget__width-auto elementor-fixed e-grid-align-center elementor-widget elementor-widget-social-icons\" data-id=\"1f1550f1\" data-element_type=\"widget\" data-settings=\"{&quot;_position&quot;:&quot;fixed&quot;}\" data-widget_type=\"social-icons.default\">\n\t\t\t\t<div class=\"elementor-widget-container\">\n\t\t\t\t\t\t\t<div class=\"elementor-social-icons-wrapper elementor-grid\" role=\"list\">\n\t\t\t\t\t\t\t<span class=\"elementor-grid-item\" role=\"listitem\">\n\t\t\t\t\t<a class=\"elementor-icon elementor-social-icon elementor-social-icon-twitter elementor-animation-shrink elementor-repeater-item-c55ec9e\" href=\"https:\/\/twitter.com\/AITV_EU\" target=\"_blank\">\n\t\t\t\t\t\t<span class=\"elementor-screen-only\">Twitter<\/span>\n\t\t\t\t\t\t<i aria-hidden=\"true\" class=\"fab fa-twitter\"><\/i>\t\t\t\t\t<\/a>\n\t\t\t\t<\/span>\n\t\t\t\t\t\t\t<span class=\"elementor-grid-item\" role=\"listitem\">\n\t\t\t\t\t<a class=\"elementor-icon elementor-social-icon elementor-social-icon-linkedin elementor-animation-shrink elementor-repeater-item-5c1e567\" href=\"https:\/\/de.linkedin.com\/company\/investment-channel\" target=\"_blank\">\n\t\t\t\t\t\t<span class=\"elementor-screen-only\">Linkedin<\/span>\n\t\t\t\t\t\t<i aria-hidden=\"true\" class=\"fab fa-linkedin\"><\/i>\t\t\t\t\t<\/a>\n\t\t\t\t<\/span>\n\t\t\t\t\t<\/div>\n\t\t\t\t\t\t<\/div>\n\t\t\t\t<\/div>\n\t\t\t\t\t<\/div>\n\t\t<\/div>\n\t\t\t\t\t<\/div>\n\t\t<\/section>\n\t\t\t\t<\/div>\n\t\t<\/div>\n\t\t\t\t\t\t<\/div>\n\t\t\t\t<\/div>\n\t\t\t\t\t<\/div>\n\t\t<\/div>\n\t\t\t\t<div class=\"elementor-column elementor-col-50 elementor-top-column elementor-element elementor-element-7ad18ae\" data-id=\"7ad18ae\" data-element_type=\"column\">\n\t\t\t<div class=\"elementor-widget-wrap elementor-element-populated\">\n\t\t\t\t\t\t<div class=\"elementor-element elementor-element-82df450 elementor-nav-menu__align-end elementor-nav-menu--dropdown-tablet elementor-nav-menu__text-align-aside elementor-nav-menu--toggle elementor-nav-menu--burger elementor-widget elementor-widget-nav-menu\" data-id=\"82df450\" data-element_type=\"widget\" data-settings=\"{&quot;submenu_icon&quot;:{&quot;value&quot;:&quot;&lt;i class=\\&quot;\\&quot; aria-hidden=\\&quot;true\\&quot;&gt;&lt;\\\/i&gt;&quot;,&quot;library&quot;:&quot;&quot;},&quot;layout&quot;:&quot;horizontal&quot;,&quot;toggle&quot;:&quot;burger&quot;}\" data-widget_type=\"nav-menu.default\">\n\t\t\t\t<div class=\"elementor-widget-container\">\n\t\t\t\t\t\t\t\t<nav aria-label=\"Men\u00fc\" class=\"elementor-nav-menu--main elementor-nav-menu__container elementor-nav-menu--layout-horizontal e--pointer-underline e--animation-grow\">\n\t\t\t\t<ul id=\"menu-1-82df450\" class=\"elementor-nav-menu\"><li class=\"menu-item menu-item-type-post_type menu-item-object-page menu-item-home menu-item-12\"><a href=\"https:\/\/ai-tv.eu\/en\/\" class=\"elementor-item\">START<\/a><\/li>\n<li class=\"menu-item menu-item-type-custom menu-item-object-custom menu-item-has-children menu-item-468\"><a href=\"#\" class=\"elementor-item elementor-item-anchor\">THEMEN<\/a>\n<ul class=\"sub-menu elementor-nav-menu--dropdown\">\n\t<li class=\"menu-item menu-item-type-post_type menu-item-object-page menu-item-790\"><a href=\"https:\/\/ai-tv.eu\/en\/news\/\" class=\"elementor-sub-item\">NEWS<\/a><\/li>\n\t<li class=\"menu-item menu-item-type-post_type menu-item-object-page menu-item-789\"><a href=\"https:\/\/ai-tv.eu\/en\/hedgefonds\/\" class=\"elementor-sub-item\">HEDGEFONDS<\/a><\/li>\n\t<li class=\"menu-item menu-item-type-post_type menu-item-object-page menu-item-788\"><a href=\"https:\/\/ai-tv.eu\/en\/private-equity-debt\/\" class=\"elementor-sub-item\">PRIVATE EQUITY DEBT<\/a><\/li>\n\t<li class=\"menu-item menu-item-type-post_type menu-item-object-page menu-item-787\"><a href=\"https:\/\/ai-tv.eu\/en\/infrastructure\/\" class=\"elementor-sub-item\">INFRASTRUCTURE<\/a><\/li>\n\t<li class=\"menu-item menu-item-type-post_type menu-item-object-page menu-item-786\"><a href=\"https:\/\/ai-tv.eu\/en\/real-estate\/\" class=\"elementor-sub-item\">REAL ESTATE<\/a><\/li>\n\t<li class=\"menu-item menu-item-type-post_type menu-item-object-page menu-item-785\"><a href=\"https:\/\/ai-tv.eu\/en\/commodities\/\" class=\"elementor-sub-item\">COMMODITIES<\/a><\/li>\n\t<li class=\"menu-item menu-item-type-post_type menu-item-object-page menu-item-784\"><a href=\"https:\/\/ai-tv.eu\/en\/impact-investing\/\" class=\"elementor-sub-item\">IMPACT INVESTING<\/a><\/li>\n\t<li class=\"menu-item menu-item-type-post_type menu-item-object-page menu-item-782\"><a href=\"https:\/\/ai-tv.eu\/en\/steuer-recht-aufsicht\/\" class=\"elementor-sub-item\">STEUER RECHT AUFSICHT<\/a><\/li>\n\t<li class=\"menu-item menu-item-type-post_type menu-item-object-page menu-item-781\"><a href=\"https:\/\/ai-tv.eu\/en\/events\/\" class=\"elementor-sub-item\">EVENTS<\/a><\/li>\n<\/ul>\n<\/li>\n<li class=\"menu-item menu-item-type-post_type menu-item-object-page menu-item-24\"><a href=\"https:\/\/ai-tv.eu\/en\/ueber-uns\/\" class=\"elementor-item\">ABOUT US<\/a><\/li>\n<li class=\"menu-item menu-item-type-post_type menu-item-object-page menu-item-23\"><a href=\"https:\/\/ai-tv.eu\/en\/partner\/\" class=\"elementor-item\">PARTNER<\/a><\/li>\n<li class=\"trp-language-switcher-container menu-item menu-item-type-post_type menu-item-object-language_switcher menu-item-has-children current-language-menu-item menu-item-640\"><a href=\"https:\/\/ai-tv.eu\/en\/wp-json\/wp\/v2\/pages\/19\" class=\"elementor-item elementor-item-anchor\"><span data-no-translation><img decoding=\"async\" class=\"trp-flag-image\" src=\"https:\/\/ai-tv.eu\/wp-content\/plugins\/translatepress-multilingual\/assets\/images\/flags\/de_DE.png\" width=\"18\" height=\"12\" alt=\"de_DE\" title=\"German\"><\/span><\/a>\n<ul class=\"sub-menu elementor-nav-menu--dropdown\">\n\t<li class=\"trp-language-switcher-container menu-item menu-item-type-post_type menu-item-object-language_switcher current-language-menu-item menu-item-639\"><a href=\"https:\/\/ai-tv.eu\/en\/wp-json\/wp\/v2\/pages\/19\" class=\"elementor-sub-item elementor-item-anchor\"><span data-no-translation><img decoding=\"async\" class=\"trp-flag-image\" src=\"https:\/\/ai-tv.eu\/wp-content\/plugins\/translatepress-multilingual\/assets\/images\/flags\/en_US.png\" width=\"18\" height=\"12\" alt=\"en_US\" title=\"English\"><\/span><\/a><\/li>\n<\/ul>\n<\/li>\n<\/ul>\t\t\t<\/nav>\n\t\t\t\t\t<div class=\"elementor-menu-toggle\" role=\"button\" tabindex=\"0\" aria-label=\"Menu Toggle\" aria-expanded=\"false\">\n\t\t\t<i aria-hidden=\"true\" role=\"presentation\" class=\"elementor-menu-toggle__icon--open eicon-menu-bar\"><\/i><i aria-hidden=\"true\" role=\"presentation\" class=\"elementor-menu-toggle__icon--close eicon-close\"><\/i>\t\t<\/div>\n\t\t\t\t\t<nav class=\"elementor-nav-menu--dropdown elementor-nav-menu__container\" aria-hidden=\"true\">\n\t\t\t\t<ul id=\"menu-2-82df450\" class=\"elementor-nav-menu\"><li class=\"menu-item menu-item-type-post_type menu-item-object-page menu-item-home menu-item-12\"><a href=\"https:\/\/ai-tv.eu\/en\/\" class=\"elementor-item\" tabindex=\"-1\">START<\/a><\/li>\n<li class=\"menu-item menu-item-type-custom menu-item-object-custom menu-item-has-children menu-item-468\"><a href=\"#\" class=\"elementor-item elementor-item-anchor\" tabindex=\"-1\">THEMEN<\/a>\n<ul class=\"sub-menu elementor-nav-menu--dropdown\">\n\t<li class=\"menu-item menu-item-type-post_type menu-item-object-page menu-item-790\"><a href=\"https:\/\/ai-tv.eu\/en\/news\/\" class=\"elementor-sub-item\" tabindex=\"-1\">NEWS<\/a><\/li>\n\t<li class=\"menu-item menu-item-type-post_type menu-item-object-page menu-item-789\"><a href=\"https:\/\/ai-tv.eu\/en\/hedgefonds\/\" class=\"elementor-sub-item\" tabindex=\"-1\">HEDGEFONDS<\/a><\/li>\n\t<li class=\"menu-item menu-item-type-post_type menu-item-object-page menu-item-788\"><a href=\"https:\/\/ai-tv.eu\/en\/private-equity-debt\/\" class=\"elementor-sub-item\" tabindex=\"-1\">PRIVATE EQUITY DEBT<\/a><\/li>\n\t<li class=\"menu-item menu-item-type-post_type menu-item-object-page menu-item-787\"><a href=\"https:\/\/ai-tv.eu\/en\/infrastructure\/\" class=\"elementor-sub-item\" tabindex=\"-1\">INFRASTRUCTURE<\/a><\/li>\n\t<li class=\"menu-item menu-item-type-post_type menu-item-object-page menu-item-786\"><a href=\"https:\/\/ai-tv.eu\/en\/real-estate\/\" class=\"elementor-sub-item\" tabindex=\"-1\">REAL ESTATE<\/a><\/li>\n\t<li class=\"menu-item menu-item-type-post_type menu-item-object-page menu-item-785\"><a href=\"https:\/\/ai-tv.eu\/en\/commodities\/\" class=\"elementor-sub-item\" tabindex=\"-1\">COMMODITIES<\/a><\/li>\n\t<li class=\"menu-item menu-item-type-post_type menu-item-object-page menu-item-784\"><a href=\"https:\/\/ai-tv.eu\/en\/impact-investing\/\" class=\"elementor-sub-item\" tabindex=\"-1\">IMPACT INVESTING<\/a><\/li>\n\t<li class=\"menu-item menu-item-type-post_type menu-item-object-page menu-item-782\"><a href=\"https:\/\/ai-tv.eu\/en\/steuer-recht-aufsicht\/\" class=\"elementor-sub-item\" tabindex=\"-1\">STEUER RECHT AUFSICHT<\/a><\/li>\n\t<li class=\"menu-item menu-item-type-post_type menu-item-object-page menu-item-781\"><a href=\"https:\/\/ai-tv.eu\/en\/events\/\" class=\"elementor-sub-item\" tabindex=\"-1\">EVENTS<\/a><\/li>\n<\/ul>\n<\/li>\n<li class=\"menu-item menu-item-type-post_type menu-item-object-page menu-item-24\"><a href=\"https:\/\/ai-tv.eu\/en\/ueber-uns\/\" class=\"elementor-item\" tabindex=\"-1\">ABOUT US<\/a><\/li>\n<li class=\"menu-item menu-item-type-post_type menu-item-object-page menu-item-23\"><a href=\"https:\/\/ai-tv.eu\/en\/partner\/\" class=\"elementor-item\" tabindex=\"-1\">PARTNER<\/a><\/li>\n<li class=\"trp-language-switcher-container menu-item menu-item-type-post_type menu-item-object-language_switcher menu-item-has-children current-language-menu-item menu-item-640\"><a href=\"https:\/\/ai-tv.eu\/en\/wp-json\/wp\/v2\/pages\/19\" class=\"elementor-item elementor-item-anchor\" tabindex=\"-1\"><span data-no-translation><img decoding=\"async\" class=\"trp-flag-image\" src=\"https:\/\/ai-tv.eu\/wp-content\/plugins\/translatepress-multilingual\/assets\/images\/flags\/de_DE.png\" width=\"18\" height=\"12\" alt=\"de_DE\" title=\"German\"><\/span><\/a>\n<ul class=\"sub-menu elementor-nav-menu--dropdown\">\n\t<li class=\"trp-language-switcher-container menu-item menu-item-type-post_type menu-item-object-language_switcher current-language-menu-item menu-item-639\"><a href=\"https:\/\/ai-tv.eu\/en\/wp-json\/wp\/v2\/pages\/19\" class=\"elementor-sub-item elementor-item-anchor\" tabindex=\"-1\"><span data-no-translation><img decoding=\"async\" class=\"trp-flag-image\" src=\"https:\/\/ai-tv.eu\/wp-content\/plugins\/translatepress-multilingual\/assets\/images\/flags\/en_US.png\" width=\"18\" height=\"12\" alt=\"en_US\" title=\"English\"><\/span><\/a><\/li>\n<\/ul>\n<\/li>\n<\/ul>\t\t\t<\/nav>\n\t\t\t\t\t\t<\/div>\n\t\t\t\t<\/div>\n\t\t\t\t\t<\/div>\n\t\t<\/div>\n\t\t\t\t\t<\/div>\n\t\t<\/section>\n\t\t\t\t<section class=\"elementor-section elementor-top-section elementor-element elementor-element-bce3598 envato-kit-141-top-0 elementor-section-boxed elementor-section-height-default elementor-section-height-default\" data-id=\"bce3598\" data-element_type=\"section\" data-settings=\"{&quot;background_background&quot;:&quot;classic&quot;}\">\n\t\t\t\t\t\t\t<div class=\"elementor-background-overlay\"><\/div>\n\t\t\t\t\t\t\t<div class=\"elementor-container elementor-column-gap-wider\">\n\t\t\t\t\t<div class=\"elementor-column elementor-col-50 elementor-top-column elementor-element elementor-element-86ed08b\" data-id=\"86ed08b\" data-element_type=\"column\">\n\t\t\t<div class=\"elementor-widget-wrap elementor-element-populated\">\n\t\t\t\t\t\t<div class=\"elementor-element elementor-element-bcb5450 elementor-invisible elementor-widget elementor-widget-heading\" data-id=\"bcb5450\" data-element_type=\"widget\" data-settings=\"{&quot;_animation&quot;:&quot;fadeIn&quot;,&quot;_animation_delay&quot;:100}\" data-widget_type=\"heading.default\">\n\t\t\t\t<div class=\"elementor-widget-container\">\n\t\t\t\t\t<h2 class=\"elementor-heading-title elementor-size-default\">IMPRINT<\/h2>\t\t\t\t<\/div>\n\t\t\t\t<\/div>\n\t\t\t\t<div class=\"elementor-element elementor-element-aeef632 elementor-widget-divider--view-line elementor-invisible elementor-widget elementor-widget-divider\" data-id=\"aeef632\" data-element_type=\"widget\" data-settings=\"{&quot;_animation&quot;:&quot;fadeIn&quot;,&quot;_animation_delay&quot;:150}\" data-widget_type=\"divider.default\">\n\t\t\t\t<div class=\"elementor-widget-container\">\n\t\t\t\t\t\t\t<div class=\"elementor-divider\">\n\t\t\t<span class=\"elementor-divider-separator\">\n\t\t\t\t\t\t<\/span>\n\t\t<\/div>\n\t\t\t\t\t\t<\/div>\n\t\t\t\t<\/div>\n\t\t\t\t<div class=\"elementor-element elementor-element-a4c7b16 elementor-invisible elementor-widget elementor-widget-heading\" data-id=\"a4c7b16\" data-element_type=\"widget\" data-settings=\"{&quot;_animation&quot;:&quot;fadeIn&quot;,&quot;_animation_delay&quot;:200}\" data-widget_type=\"heading.default\">\n\t\t\t\t<div class=\"elementor-widget-container\">\n\t\t\t\t\t<h2 class=\"elementor-heading-title elementor-size-default\"><b>DISCLAIMER<\/b>\n<br><br>\n<span style=\"font-style: normal;letter-spacing: normal;white-space: normal;font-family: Montserrat, sans-serif;font-size: 15px\">By disseminating the information contained on this website, the operator of this website is not making an offer to conclude an information \/ advisory contract. It should be noted that the use of the information for their own purposes means that the user has to account for the content as his own statement.&nbsp;<\/span><br style=\"letter-spacing: normal;white-space: normal;font-family: Montserrat, sans-serif;font-size: 15px\"><br style=\"letter-spacing: normal;white-space: normal;font-family: Montserrat, sans-serif;font-size: 15px\"><span style=\"font-style: normal;letter-spacing: normal;white-space: normal;font-family: Montserrat, sans-serif;font-size: 15px\">The operator expressly reserves the right to change, add to, or delete parts of the pages or the entire offer or to cease publication temporarily or permanently without prior notice.&nbsp;<\/span><br style=\"letter-spacing: normal;white-space: normal;font-family: Montserrat, sans-serif;font-size: 15px\"><br style=\"letter-spacing: normal;white-space: normal;font-family: Montserrat, sans-serif;font-size: 15px\"><span style=\"font-style: normal;letter-spacing: normal;white-space: normal;font-family: Montserrat, sans-serif;font-size: 15px\">Soweit Inhalte in diesem Angebot mit Links auf fremde Internetangebote verweisen, handelt es sich um unverbindliche Empfehlungen. \u00dcber die Links wird lediglich der Zugang zu diesen Angeboten vermittelt; der Betreiber dieser Website hat keinen Einfluss auf deren Inhalte und macht sich diese Inhalte auch nicht zu eigen.<\/span>\n<br><br>\n<b>PRIVACY<\/b>\n<br><br>\n<p style=\"font-style: normal;letter-spacing: normal;white-space: normal;font-size: 15px;margin-bottom: 1.6em;font-family: Montserrat, sans-serif\">The content and structure of this website are protected by copyright. All rights reserved. Information or data (text, images, graphics, sound, video or animation files) on this website may not be used in any form, not even in extracts, without the operator's prior written consent.<\/p><p style=\"font-style: normal;letter-spacing: normal;white-space: normal;font-size: 15px;margin-bottom: 1.6em;font-family: Montserrat, sans-serif\">Your personal data is collected, stored and treated by the operator of the website in compliance with the relevant laws. The operator does not pass on personal data to third parties. If you register for a service and provide information about yourself, we will only use this data to the extent necessary to carry out the service.<\/p>\n<br><br>\n<b>PICTURE CREDITS<\/b>\n<br><br>\nAuf unserer Seite verwenden wir u.a. Bilder von <b><a href=\"https:\/\/www.1und1.de\/\" target=\"_blank\">1und1.de<\/a><\/b>, <b><a href=\"https:\/\/de.fotolia.com\/\" target=\"_blank\">fotolia.de<\/a><\/b>, <b><a href=\"https:\/\/pixabay.com\/de\/\" target=\"_blank\">pixabay.de<\/a><\/b> und <b><a href=\"https:\/\/stock.adobe.com\/de\/\" target=\"_blank\">Adobe Stock.<\/a><\/b><\/h2>\t\t\t\t<\/div>\n\t\t\t\t<\/div>\n\t\t\t\t<section class=\"elementor-section elementor-inner-section elementor-element elementor-element-e6bcede elementor-section-boxed elementor-section-height-default elementor-section-height-default\" data-id=\"e6bcede\" data-element_type=\"section\">\n\t\t\t\t\t\t<div class=\"elementor-container elementor-column-gap-default\">\n\t\t\t\t\t<div class=\"elementor-column elementor-col-50 elementor-inner-column elementor-element elementor-element-3590d71\" data-id=\"3590d71\" data-element_type=\"column\">\n\t\t\t<div class=\"elementor-widget-wrap elementor-element-populated\">\n\t\t\t\t\t\t<div class=\"elementor-element elementor-element-3a55c55 elementor-invisible elementor-widget elementor-widget-heading\" data-id=\"3a55c55\" data-element_type=\"widget\" data-settings=\"{&quot;_animation&quot;:&quot;fadeIn&quot;,&quot;_animation_delay&quot;:200}\" data-widget_type=\"heading.default\">\n\t\t\t\t<div class=\"elementor-widget-container\">\n\t\t\t\t\t<h2 class=\"elementor-heading-title elementor-size-default\"><b>EDITING \/ MARKETING<\/b>\n<br><br>\nJ\u00f6rg Birkelbach<br>\n<\/h2>\t\t\t\t<\/div>\n\t\t\t\t<\/div>\n\t\t\t\t\t<\/div>\n\t\t<\/div>\n\t\t\t\t<div class=\"elementor-column elementor-col-50 elementor-inner-column elementor-element elementor-element-6d3d9f7\" data-id=\"6d3d9f7\" data-element_type=\"column\">\n\t\t\t<div class=\"elementor-widget-wrap elementor-element-populated\">\n\t\t\t\t\t\t<div class=\"elementor-element elementor-element-fdff85c elementor-invisible elementor-widget elementor-widget-heading\" data-id=\"fdff85c\" data-element_type=\"widget\" data-settings=\"{&quot;_animation&quot;:&quot;fadeIn&quot;,&quot;_animation_delay&quot;:200}\" data-widget_type=\"heading.default\">\n\t\t\t\t<div class=\"elementor-widget-container\">\n\t\t\t\t\t<h2 class=\"elementor-heading-title elementor-size-default\"><b>CAMERA \/ EDITING<\/b>\n<br><br>\nChristine L\u00fcghausen<br>\nJulia Rohe<br>\nMarcus Rieck<br>\nJacqueline Gach<br>\nMichelle Friedrichs<\/h2>\t\t\t\t<\/div>\n\t\t\t\t<\/div>\n\t\t\t\t\t<\/div>\n\t\t<\/div>\n\t\t\t\t\t<\/div>\n\t\t<\/section>\n\t\t\t\t\t<\/div>\n\t\t<\/div>\n\t\t\t\t<div class=\"elementor-column elementor-col-50 elementor-top-column elementor-element elementor-element-6fc992c\" data-id=\"6fc992c\" data-element_type=\"column\">\n\t\t\t<div class=\"elementor-widget-wrap elementor-element-populated\">\n\t\t\t\t\t\t<div class=\"elementor-element elementor-element-03e8a1c elementor-invisible elementor-widget elementor-widget-heading\" data-id=\"03e8a1c\" data-element_type=\"widget\" data-settings=\"{&quot;_animation&quot;:&quot;fadeIn&quot;,&quot;_animation_delay&quot;:200}\" data-widget_type=\"heading.default\">\n\t\t\t\t<div class=\"elementor-widget-container\">\n\t\t\t\t\t<h2 class=\"elementor-heading-title elementor-size-default\">Content responsibility <br>according to \u00a7 10 paragraph 3 MD StV <br>Executive Partner:<br>\nDipl.-Kfm. J\u00f6rg Birkelbach\n<br><br>\nBirkelbach Mediagroup GmbH<br>\nAugustinusstra\u00dfe 9 d<br>\n50226 Frechen-K\u00f6nigsdorf\n<br><br>\nTel.:+49 2234-25630-00<br>\nFax:+49 2234-25630-03<br>\nMail: info@birkelbach-media-group.de\n<br><br>\n<b><a href=\"https:\/\/finanzplaner-tv.de\/\" target=\"_blank\">www.<\/a>birkelbach-media-group.de<\/b>\n<br><br>\nHRB 52256, Reg. Gericht K\u00f6ln<br>\nUSt-ID Nr. DE 814 080 429<\/h2>\t\t\t\t<\/div>\n\t\t\t\t<\/div>\n\t\t\t\t\t<\/div>\n\t\t<\/div>\n\t\t\t\t\t<\/div>\n\t\t<\/section>\n\t\t\t\t<\/div>","protected":false},"excerpt":{"rendered":"<p>IMPRESSUM DISCLAIMER Der Betreiber dieser Seiten macht durch die Verbreitung der auf dieser Website enthaltenen Informationen kein Angebot zum Abschluss eines Auskunfts-\/Beratungsvertrags. Es wird darauf hingewiesen, dass die Verwendung der Informationen zu eigenen Zwecken dazu f\u00fchrt, dass der Verwender sich deren Inhalt als eigene \u00c4u\u00dferung zurechnen lassen muss.&nbsp;Der Betreiber beh\u00e4lt es sich ausdr\u00fccklich vor, Teile [&hellip;]<\/p>","protected":false},"author":1,"featured_media":0,"parent":0,"menu_order":0,"comment_status":"closed","ping_status":"closed","template":"elementor_header_footer","meta":{"_acf_changed":false,"ocean_post_layout":"","ocean_both_sidebars_style":"","ocean_both_sidebars_content_width":0,"ocean_both_sidebars_sidebars_width":0,"ocean_sidebar":"0","ocean_second_sidebar":"0","ocean_disable_margins":"enable","ocean_add_body_class":"","ocean_shortcode_before_top_bar":"","ocean_shortcode_after_top_bar":"","ocean_shortcode_before_header":"","ocean_shortcode_after_header":"","ocean_has_shortcode":"","ocean_shortcode_after_title":"","ocean_shortcode_before_footer_widgets":"","ocean_shortcode_after_footer_widgets":"","ocean_shortcode_before_footer_bottom":"","ocean_shortcode_after_footer_bottom":"","ocean_display_top_bar":"off","ocean_display_header":"off","ocean_header_style":"","ocean_center_header_left_menu":"0","ocean_custom_header_template":"0","ocean_custom_logo":0,"ocean_custom_retina_logo":0,"ocean_custom_logo_max_width":0,"ocean_custom_logo_tablet_max_width":0,"ocean_custom_logo_mobile_max_width":0,"ocean_custom_logo_max_height":0,"ocean_custom_logo_tablet_max_height":0,"ocean_custom_logo_mobile_max_height":0,"ocean_header_custom_menu":"0","ocean_menu_typo_font_family":"0","ocean_menu_typo_font_subset":"","ocean_menu_typo_font_size":0,"ocean_menu_typo_font_size_tablet":0,"ocean_menu_typo_font_size_mobile":0,"ocean_menu_typo_font_size_unit":"px","ocean_menu_typo_font_weight":"","ocean_menu_typo_font_weight_tablet":"","ocean_menu_typo_font_weight_mobile":"","ocean_menu_typo_transform":"","ocean_menu_typo_transform_tablet":"","ocean_menu_typo_transform_mobile":"","ocean_menu_typo_line_height":0,"ocean_menu_typo_line_height_tablet":0,"ocean_menu_typo_line_height_mobile":0,"ocean_menu_typo_line_height_unit":"","ocean_menu_typo_spacing":0,"ocean_menu_typo_spacing_tablet":0,"ocean_menu_typo_spacing_mobile":0,"ocean_menu_typo_spacing_unit":"","ocean_menu_link_color":"","ocean_menu_link_color_hover":"","ocean_menu_link_color_active":"","ocean_menu_link_background":"","ocean_menu_link_hover_background":"","ocean_menu_link_active_background":"","ocean_menu_social_links_bg":"","ocean_menu_social_hover_links_bg":"","ocean_menu_social_links_color":"","ocean_menu_social_hover_links_color":"","ocean_disable_title":"on","ocean_disable_heading":"default","ocean_post_title":"","ocean_post_subheading":"","ocean_post_title_style":"","ocean_post_title_background_color":"","ocean_post_title_background":0,"ocean_post_title_bg_image_position":"","ocean_post_title_bg_image_attachment":"","ocean_post_title_bg_image_repeat":"","ocean_post_title_bg_image_size":"","ocean_post_title_height":0,"ocean_post_title_bg_overlay":0.5,"ocean_post_title_bg_overlay_color":"","ocean_disable_breadcrumbs":"default","ocean_breadcrumbs_color":"","ocean_breadcrumbs_separator_color":"","ocean_breadcrumbs_links_color":"","ocean_breadcrumbs_links_hover_color":"","ocean_display_footer_widgets":"default","ocean_display_footer_bottom":"default","ocean_custom_footer_template":"0","footnotes":""},"class_list":["post-19","page","type-page","status-publish","hentry","entry"],"acf":[],"_links":{"self":[{"href":"https:\/\/ai-tv.eu\/en\/wp-json\/wp\/v2\/pages\/19","targetHints":{"allow":["GET"]}}],"collection":[{"href":"https:\/\/ai-tv.eu\/en\/wp-json\/wp\/v2\/pages"}],"about":[{"href":"https:\/\/ai-tv.eu\/en\/wp-json\/wp\/v2\/types\/page"}],"author":[{"embeddable":true,"href":"https:\/\/ai-tv.eu\/en\/wp-json\/wp\/v2\/users\/1"}],"replies":[{"embeddable":true,"href":"https:\/\/ai-tv.eu\/en\/wp-json\/wp\/v2\/comments?post=19"}],"version-history":[{"count":64,"href":"https:\/\/ai-tv.eu\/en\/wp-json\/wp\/v2\/pages\/19\/revisions"}],"predecessor-version":[{"id":2160,"href":"https:\/\/ai-tv.eu\/en\/wp-json\/wp\/v2\/pages\/19\/revisions\/2160"}],"wp:attachment":[{"href":"https:\/\/ai-tv.eu\/en\/wp-json\/wp\/v2\/media?parent=19"}],"curies":[{"name":"wp","href":"https:\/\/api.w.org\/{rel}","templated":true}]}}